{"id":633,"date":"2026-03-08T16:25:44","date_gmt":"2026-03-08T16:25:44","guid":{"rendered":"https:\/\/almanaturopathie.com\/?page_id=633"},"modified":"2026-03-08T18:24:39","modified_gmt":"2026-03-08T18:24:39","slug":"accueil","status":"publish","type":"page","link":"https:\/\/almanaturopathie.com\/","title":{"rendered":"Accueil"},"content":{"rendered":"\t\t<div data-elementor-type=\"wp-post\" data-elementor-id=\"633\" class=\"elementor elementor-633\">\n\t\t\t\t<div class=\"elementor-element elementor-element-db280bd e-flex e-con-boxed e-con e-parent\" data-id=\"db280bd\" data-element_type=\"container\" data-e-type=\"container\">\n\t\t\t\t\t<div class=\"e-con-inner\">\n\t\t\t\t<div class=\"elementor-element elementor-element-e35e7b7 elementor-widget elementor-widget-image\" data-id=\"e35e7b7\" data-element_type=\"widget\" data-e-type=\"widget\" data-widget_type=\"image.default\">\n\t\t\t\t\t\t\t\t\t\t\t\t\t\t\t<img fetchpriority=\"high\" decoding=\"async\" width=\"1300\" height=\"500\" src=\"https:\/\/almanaturopathie.com\/wp-content\/uploads\/2026\/03\/Alma-3.png\" class=\"attachment-full size-full wp-image-591\" alt=\"alma (3)\" srcset=\"https:\/\/almanaturopathie.com\/wp-content\/uploads\/2026\/03\/Alma-3.png 1300w, https:\/\/almanaturopathie.com\/wp-content\/uploads\/2026\/03\/Alma-3-300x115.png 300w, https:\/\/almanaturopathie.com\/wp-content\/uploads\/2026\/03\/Alma-3-1024x394.png 1024w, https:\/\/almanaturopathie.com\/wp-content\/uploads\/2026\/03\/Alma-3-768x295.png 768w, https:\/\/almanaturopathie.com\/wp-content\/uploads\/2026\/03\/Alma-3-1140x438.png 1140w\" sizes=\"(max-width: 1300px) 100vw, 1300px\" title=\"Accueil\">\t\t\t\t\t\t\t\t\t\t\t\t\t\t\t<\/div>\n\t\t\t\t\t<\/div>\n\t\t\t\t<\/div>\n\t\t<div class=\"elementor-element elementor-element-036cb22 e-flex e-con-boxed e-con e-parent\" data-id=\"036cb22\" data-element_type=\"container\" data-e-type=\"container\">\n\t\t\t\t\t<div class=\"e-con-inner\">\n\t\t\t\t<div class=\"elementor-element elementor-element-952e694 elementor-widget-divider--view-line elementor-widget elementor-widget-divider\" data-id=\"952e694\" data-element_type=\"widget\" data-e-type=\"widget\" data-widget_type=\"divider.default\">\n\t\t\t\t\t\t\t<div class=\"elementor-divider\">\n\t\t\t<span class=\"elementor-divider-separator\">\n\t\t\t\t\t\t<\/span>\n\t\t<\/div>\n\t\t\t\t\t\t<\/div>\n\t\t\t\t\t<\/div>\n\t\t\t\t<\/div>\n\t\t<div class=\"elementor-element elementor-element-af6bcad e-flex e-con-boxed e-con e-parent\" data-id=\"af6bcad\" data-element_type=\"container\" data-e-type=\"container\">\n\t\t\t\t\t<div class=\"e-con-inner\">\n\t\t\t\t<div class=\"elementor-element elementor-element-c910e7f elementor-widget-divider--view-line elementor-widget elementor-widget-divider\" data-id=\"c910e7f\" data-element_type=\"widget\" data-e-type=\"widget\" data-widget_type=\"divider.default\">\n\t\t\t\t\t\t\t<div class=\"elementor-divider\">\n\t\t\t<span class=\"elementor-divider-separator\">\n\t\t\t\t\t\t<\/span>\n\t\t<\/div>\n\t\t\t\t\t\t<\/div>\n\t\t\t\t\t<\/div>\n\t\t\t\t<\/div>\n\t\t<div class=\"elementor-element elementor-element-68b3e79 e-flex e-con-boxed e-con e-parent\" data-id=\"68b3e79\" data-element_type=\"container\" data-e-type=\"container\">\n\t\t\t\t\t<div class=\"e-con-inner\">\n\t\t<div class=\"elementor-element elementor-element-71580fe e-con-full e-flex e-con e-child\" data-id=\"71580fe\" data-element_type=\"container\" data-e-type=\"container\">\n\t\t\t\t<div class=\"elementor-element elementor-element-f58b44f elementor-widget elementor-widget-image\" data-id=\"f58b44f\" data-element_type=\"widget\" data-e-type=\"widget\" data-widget_type=\"image.default\">\n\t\t\t\t\t\t\t\t\t\t\t\t\t\t\t<img decoding=\"async\" width=\"800\" height=\"800\" src=\"https:\/\/almanaturopathie.com\/wp-content\/uploads\/2026\/03\/La-menopause-est-une-etape-naturelle-qui-peut-saccompagner-de-nombreux-changements-fatigue-bouffees-de-chaleur-troubles-du-sommeil-ou-variations-emotionnelles.-Grace-a-la-naturopathie-et-au-co-2.png\" class=\"attachment-large size-large wp-image-666\" alt=\"la m\u00e9nopause est une \u00e9tape naturelle qui peut s\u2019accompagner de nombreux changements fatigue, bouff\u00e9es de chaleur, troubles du sommeil ou variations \u00e9motionnelles. gr\u00e2ce \u00e0 la naturopathie et au co (2)\" srcset=\"https:\/\/almanaturopathie.com\/wp-content\/uploads\/2026\/03\/La-menopause-est-une-etape-naturelle-qui-peut-saccompagner-de-nombreux-changements-fatigue-bouffees-de-chaleur-troubles-du-sommeil-ou-variations-emotionnelles.-Grace-a-la-naturopathie-et-au-co-2.png 800w, https:\/\/almanaturopathie.com\/wp-content\/uploads\/2026\/03\/La-menopause-est-une-etape-naturelle-qui-peut-saccompagner-de-nombreux-changements-fatigue-bouffees-de-chaleur-troubles-du-sommeil-ou-variations-emotionnelles.-Grace-a-la-naturopathie-et-au-co-2-300x300.png 300w, https:\/\/almanaturopathie.com\/wp-content\/uploads\/2026\/03\/La-menopause-est-une-etape-naturelle-qui-peut-saccompagner-de-nombreux-changements-fatigue-bouffees-de-chaleur-troubles-du-sommeil-ou-variations-emotionnelles.-Grace-a-la-naturopathie-et-au-co-2-150x150.png 150w, https:\/\/almanaturopathie.com\/wp-content\/uploads\/2026\/03\/La-menopause-est-une-etape-naturelle-qui-peut-saccompagner-de-nombreux-changements-fatigue-bouffees-de-chaleur-troubles-du-sommeil-ou-variations-emotionnelles.-Grace-a-la-naturopathie-et-au-co-2-768x768.png 768w\" sizes=\"(max-width: 800px) 100vw, 800px\" title=\"Accueil\">\t\t\t\t\t\t\t\t\t\t\t\t\t\t\t<\/div>\n\t\t\t\t<div class=\"elementor-element elementor-element-6f3aead elementor-widget elementor-widget-button\" data-id=\"6f3aead\" data-element_type=\"widget\" data-e-type=\"widget\" data-widget_type=\"button.default\">\n\t\t\t\t\t\t\t\t\t\t<a class=\"elementor-button elementor-button-link elementor-size-sm\" href=\"#\">\n\t\t\t\t\t\t<span class=\"elementor-button-content-wrapper\">\n\t\t\t\t\t\t\t\t\t<span class=\"elementor-button-text\">D\u00e9vouvrir mon accompagnement<\/span>\n\t\t\t\t\t<\/span>\n\t\t\t\t\t<\/a>\n\t\t\t\t\t\t\t\t<\/div>\n\t\t\t\t<\/div>\n\t\t<div class=\"elementor-element elementor-element-a50214c e-con-full e-flex e-con e-child\" data-id=\"a50214c\" data-element_type=\"container\" data-e-type=\"container\">\n\t\t\t\t<div class=\"elementor-element elementor-element-d5a93ad elementor-widget elementor-widget-image\" data-id=\"d5a93ad\" data-element_type=\"widget\" data-e-type=\"widget\" data-widget_type=\"image.default\">\n\t\t\t\t\t\t\t\t\t\t\t\t\t\t\t<img decoding=\"async\" width=\"800\" height=\"800\" src=\"https:\/\/almanaturopathie.com\/wp-content\/uploads\/2026\/03\/Naturopathe-et-Coach-en-Menopause.png\" class=\"attachment-large size-large wp-image-642\" alt=\"naturopathe et coach en m\u00e9nopause\" srcset=\"https:\/\/almanaturopathie.com\/wp-content\/uploads\/2026\/03\/Naturopathe-et-Coach-en-Menopause.png 1024w, https:\/\/almanaturopathie.com\/wp-content\/uploads\/2026\/03\/Naturopathe-et-Coach-en-Menopause-300x300.png 300w, https:\/\/almanaturopathie.com\/wp-content\/uploads\/2026\/03\/Naturopathe-et-Coach-en-Menopause-150x150.png 150w, https:\/\/almanaturopathie.com\/wp-content\/uploads\/2026\/03\/Naturopathe-et-Coach-en-Menopause-768x768.png 768w\" sizes=\"(max-width: 800px) 100vw, 800px\" title=\"Accueil\">\t\t\t\t\t\t\t\t\t\t\t\t\t\t\t<\/div>\n\t\t\t\t<\/div>\n\t\t\t\t\t<\/div>\n\t\t\t\t<\/div>\n\t\t\t\t<\/div>\n\t\t","protected":false},"excerpt":{"rendered":"<p>D\u00e9vouvrir mon accompagnement<\/p>\n","protected":false},"author":1,"featured_media":0,"parent":0,"menu_order":0,"comment_status":"closed","ping_status":"closed","template":"","meta":{"om_disable_all_campaigns":false,"_uag_custom_page_level_css":"","_monsterinsights_skip_tracking":false,"_monsterinsights_sitenote_active":false,"_monsterinsights_sitenote_note":"","_monsterinsights_sitenote_category":0,"footnotes":""},"class_list":["post-633","page","type-page","status-publish","hentry"],"aioseo_notices":[],"_hostinger_reach_plugin_has_subscription_block":false,"_hostinger_reach_plugin_is_elementor":false,"uagb_featured_image_src":{"full":false,"thumbnail":false,"medium":false,"medium_large":false,"large":false,"1536x1536":false,"2048x2048":false},"uagb_author_info":{"display_name":"gabriela.site.boutique@gmail.com","author_link":"https:\/\/almanaturopathie.com\/?author=1"},"uagb_comment_info":0,"uagb_excerpt":"D\u00e9vouvrir mon accompagnement","_links":{"self":[{"href":"https:\/\/almanaturopathie.com\/index.php?rest_route=\/wp\/v2\/pages\/633","targetHints":{"allow":["GET"]}}],"collection":[{"href":"https:\/\/almanaturopathie.com\/index.php?rest_route=\/wp\/v2\/pages"}],"about":[{"href":"https:\/\/almanaturopathie.com\/index.php?rest_route=\/wp\/v2\/types\/page"}],"author":[{"embeddable":true,"href":"https:\/\/almanaturopathie.com\/index.php?rest_route=\/wp\/v2\/users\/1"}],"replies":[{"embeddable":true,"href":"https:\/\/almanaturopathie.com\/index.php?rest_route=%2Fwp%2Fv2%2Fcomments&post=633"}],"version-history":[{"count":8,"href":"https:\/\/almanaturopathie.com\/index.php?rest_route=\/wp\/v2\/pages\/633\/revisions"}],"predecessor-version":[{"id":680,"href":"https:\/\/almanaturopathie.com\/index.php?rest_route=\/wp\/v2\/pages\/633\/revisions\/680"}],"wp:attachment":[{"href":"https:\/\/almanaturopathie.com\/index.php?rest_route=%2Fwp%2Fv2%2Fmedia&parent=633"}],"curies":[{"name":"wp","href":"https:\/\/api.w.org\/{rel}","templated":true}]}}